{"id":1034,"date":"2021-04-15T09:21:45","date_gmt":"2021-04-15T07:21:45","guid":{"rendered":"https:\/\/laviosamaritime.com\/cookie-policy\/"},"modified":"2024-07-23T15:53:01","modified_gmt":"2024-07-23T13:53:01","slug":"cookie-policy","status":"publish","type":"page","link":"https:\/\/laviosalogistics.com\/fr\/cookie-policy\/","title":{"rendered":"Cookie Policy"},"content":{"rendered":"<h4>INFORMATIONS SUR LA PROTECTION DES DONN\u00c9ES CONCERNANT LES COOKIES CONFORM\u00c9MENT \u00c0 L&rsquo;ART. 13 DU R\u00c8GLEMENT (UE) N\u00b0 679\/2016<\/h4>\n<p align=\"JUSTIFY\">Conform\u00e9ment aux dispositions de l&rsquo;art. 13 du R\u00e8glement UE n\u00b0 679\/2016, ainsi qu&rsquo;aux dispositions de la Mesure g\u00e9n\u00e9rale du Garant de la confidentialit\u00e9 du 8 mai 2014, la soci\u00e9t\u00e9 Laviosa Chimica Mineraria S.p.A. dont le si\u00e8ge est situ\u00e9 \u00e0 (57123) Livourne (LI), Via L. Da Vinci, 21, responsable du traitement, informe les utilisateurs du site www.laviosa.com (qui peut \u00e9galement \u00eatre atteint par l&rsquo;adresse suivante www.laviosa.it) du type de cookies utilis\u00e9s par ce dernier et des finalit\u00e9s poursuivies avec les informations acquises, en fournissant de la m\u00eame mani\u00e8re les indications pour proc\u00e9der \u00e0 la s\u00e9lection\/d\u00e9s\u00e9lection des cookies individuels.<\/p>\n<p>&nbsp;<\/p>\n<p><strong>LES COOKIES C\u2019EST QUOI? ET \u00c0 QUOI ILS PEUVENT SERVIR<\/strong><\/p>\n<p>Un \u00ab\u00a0cookie\u00a0\u00bb est un petit fichier texte cr\u00e9\u00e9 par certains sites web sur l&rsquo;ordinateur de l&rsquo;utilisateur lorsque celui-ci acc\u00e8de \u00e0 un site particulier, dans le but de garder en m\u00e9moire et de transporter des informations. Les cookies sont envoy\u00e9s par un serveur web (qui est l&rsquo;ordinateur sur lequel tourne le site visit\u00e9) au navigateur de l&rsquo;utilisateur (Internet Explorer, Mozilla Firefox, Google Chrome, etc.) et stock\u00e9s sur l&rsquo;ordinateur de ce dernier ; ils sont ensuite renvoy\u00e9s au site web lors de visites ult\u00e9rieures.<br \/>\nCertaines op\u00e9rations ne pourraient pas \u00eatre r\u00e9alis\u00e9es sans l&rsquo;utilisation de cookies, qui sont donc techniquement n\u00e9cessaires dans certains cas. Dans d&rsquo;autres cas, le site utilise des cookies pour faciliter et fluidifier la navigation de l&rsquo;utilisateur ou pour lui permettre de b\u00e9n\u00e9ficier des services sp\u00e9cifiquement demand\u00e9s.<br \/>\nLes cookies peuvent rester dans le syst\u00e8me pendant de longues p\u00e9riodes et peuvent \u00e9galement contenir un code d&rsquo;identification unique. Cela permet aux sites qui les utilisent de suivre la navigation de l&rsquo;utilisateur \u00e0 l&rsquo;int\u00e9rieur du site lui-m\u00eame, \u00e0 des fins statistiques ou publicitaires, c&rsquo;est-\u00e0-dire de cr\u00e9er un profil personnalis\u00e9 de l&rsquo;utilisateur en fonction des pages qu&rsquo;il a visit\u00e9es et lui montrer et\/ou lui envoyer de la publicit\u00e9 cibl\u00e9e (publicit\u00e9 comportementale).<\/p>\n<p>&nbsp;<\/p>\n<p><strong>QUELS SONT LES COOKIES UTILIS\u00c9S ET \u00c0 QUELLES FINS<\/strong><\/p>\n<p align=\"JUSTIFY\">Ce site utilise diff\u00e9rents types de cookies techniques, mais pas de cookies de profilage.<br \/>\nLe responsable du traitement, suivant les indications fournies par l&rsquo;Autorit\u00e9 garante dans sa disposition g\u00e9n\u00e9rale du 8 mai 2014, pr\u00e9sente ci-dessous les cat\u00e9gories sp\u00e9cifiques de cookies utilis\u00e9es, leur finalit\u00e9 et la cons\u00e9quence de leur d\u00e9s\u00e9lection:<\/p>\n<table class=\"uk-table uk-table-divider uk-table-responsive\">\n<thead>\n<tr>\n<th><strong>TYPE DE COOKIE<\/strong><\/th>\n<th><strong>BUT<\/strong><\/th>\n<th><strong>DUR\u00c9E DE CONSERVATION<\/strong><\/th>\n<th>CONSEQUENCES EN CAS DE DESELECTION<\/th>\n<\/tr>\n<\/thead>\n<tbody>\n<tr>\n<td>Cookies techniques<\/td>\n<td>Gestion du site. Ils permettent un fonctionnement et une exploration s\u00fbrs et efficaces du site web.<\/td>\n<td>Valable pour la session<\/td>\n<td>Il s\u2019agit des cookies n\u00e9cessaires pour utiliser le site Web. Si les cookies sont bloqu\u00e9s, le fonctionnement du site ne serait pas possible.<\/td>\n<\/tr>\n<tr>\n<td>Cookies analytiques<\/td>\n<td>Collecter des informations sous forme agr\u00e9g\u00e9e sur la navigation des utilisateurs afin d&rsquo;optimiser l&rsquo;exp\u00e9rience de navigation et les services.<\/td>\n<td>\u00c9tabli par des tiers \u00e0 la divulgation des<br \/>\ninformations relatives<\/td>\n<td>Le Responsable du Traitement des donn\u00e9es ne pourrait plus obtenir les informations globales<\/td>\n<\/tr>\n<\/tbody>\n<\/table>\n<p><strong>Cookies de tierce partie<\/strong><\/p>\n<p>Des cookies de tierce partie ou de tiers, c&rsquo;est-\u00e0-dire des cookies cr\u00e9\u00e9s par un site web autre que celui que l&rsquo;utilisateur est en train de visiter, fonctionnent \u00e9galement sur ce site web. Conform\u00e9ment aux dispositions de l&rsquo;arr\u00eat\u00e9 du Garant de la vie priv\u00e9e du 8 mai 2014, le responsable du traitement des donn\u00e9es est tenu de fournir le lien actualis\u00e9 vers les divulgations et les formulaires de consentement des tiers avec lesquels des accords ont \u00e9t\u00e9 conclus pour l&rsquo;installation de cookies via son site.<br \/>\nLes cookies de tiers utilis\u00e9s par ce site sont des cookies anonymes qui permettent de collecter et d&rsquo;enregistrer, de mani\u00e8re anonyme, des informations sur les pages de chaque site individuel consult\u00e9, mais ne permettent pas d&rsquo;identifier le visiteur et ne sont en aucun cas combin\u00e9s avec d&rsquo;autres informations. Lesdits donn\u00e9es sont utilis\u00e9es uniquement dans le but de suivre et d&rsquo;examiner l&rsquo;utilisation des sites par les utilisateurs, d&rsquo;\u00e9tablir des statistiques sur la base des informations collect\u00e9es de mani\u00e8re anonyme et d&rsquo;utiliser les donn\u00e9es sous forme agr\u00e9g\u00e9e.<br \/>\nEn particulier, les utilisateurs sont inform\u00e9s que le service d&rsquo;analyse web qui \u00e9met les cookies utilis\u00e9s par le propri\u00e9taire est \u00ab\u00a0Google Analytics\u00a0\u00bb, d\u00e9crit ci-dessous.<br \/>\nGoogle Analytics est un service d&rsquo;analyse du Web fourni par Google, Inc. (\u00ab\u00a0Google\u00a0\u00bb) qui utilise des \u00ab\u00a0cookies\u00a0\u00bb, plac\u00e9s sur votre ordinateur, pour aider le site Web \u00e0 analyser l&rsquo;utilisation du site par ses utilisateurs. Les informations g\u00e9n\u00e9r\u00e9es par les cookies concernant votre utilisation du site (y compris votre adresse IP) seront transmises et stock\u00e9es par Google sur des serveurs situ\u00e9s aux Etats-Unis. Google utilisera cette information dans le but d&rsquo;\u00e9valuer votre utilisation du site, de compiler des rapports sur l&rsquo;activit\u00e9 du site \u00e0 destination de son \u00e9diteur et de fournir d&rsquo;autres services relatifs \u00e0 l&rsquo;activit\u00e9 du site et \u00e0 l&rsquo;utilisation d&rsquo;Internet. Google peut \u00e9galement transf\u00e9rer ces informations \u00e0 des tiers lorsque la loi l&rsquo;exige ou lorsque ces tiers traitent les informations pour le compte de Google. Google n&rsquo;associera pas l&rsquo;adresse IP de l&rsquo;utilisateur \u00e0 d&rsquo;autres donn\u00e9es d\u00e9tenues par Google.<br \/>\nL&rsquo;utilisateur peut \u00e0 tout moment refuser l&rsquo;utilisation de cookies en s\u00e9lectionnant les param\u00e8tres appropri\u00e9s de son navigateur. Pour consulter la politique de confidentialit\u00e9 de la soci\u00e9t\u00e9 Google concernant le service Google Analytics, ainsi que pour exprimer votre consentement \u00e0 l&rsquo;utilisation des cookies susmentionn\u00e9s, veuillez-vous r\u00e9f\u00e9rer au site http:\/\/www.google.com\/intl\/en\/analytics\/privacyoverview.html et cliquer sur le lien suivant : Politique de confidentialit\u00e9. Si vous souhaitez d\u00e9sactiver ces cookies, veuillez cliquer sur le lien suivant : Opt Out . Par ailleurs, l&rsquo;utilisateur est inform\u00e9 que ce site utilise le syst\u00e8me d&rsquo;analyse PIWIK pour mesurer et analyser les visites sur le site. Le service d&rsquo;analyse web \u00e9met des cookies afin de collecter des donn\u00e9es sur le trafic Internet. Ces informations sont examin\u00e9es uniquement \u00e0 des fins statistiques et l&rsquo;anonymat de l&rsquo;utilisateur est respect\u00e9.<br \/>\nDes informations sur le fonctionnement du logiciel libre d&rsquo;analyse web PIWIK, sur les cookies qu&rsquo;il installe et sur la mani\u00e8re de les d\u00e9sactiver sont disponibles \u00e0 l&rsquo;adresse suivante : www.piwik.org.<\/p>\n<p>&nbsp;<\/p>\n<p><strong>LES METHODES DE TRAITEMENT DES DONNEES<\/strong><\/p>\n<p align=\"JUSTIFY\">Les donn\u00e9es sont trait\u00e9es au moyen de supports informatiques et t\u00e9l\u00e9matiques par des personnes internes sp\u00e9cialement d\u00e9sign\u00e9es. Les donn\u00e9es sont conserv\u00e9es dans des archives \u00e9lectroniques et dans le respect des mesures de s\u00e9curit\u00e9 minimales pr\u00e9vues par le l\u00e9gislateur.<\/p>\n<p>&nbsp;<\/p>\n<p><strong>LA COMMUNICATION ET LA DIFFUSION DES DONNEES<\/strong><\/p>\n<p>Les donn\u00e9es collect\u00e9es ne seront ni divulgu\u00e9es ni diffus\u00e9es. La communication \u00e0 des tiers, autres que le responsable du traitement, les responsables ext\u00e9rieurs \u00e0 la structure de l&rsquo;entreprise et les personnes autoris\u00e9es \u00e0 traiter les donn\u00e9es, est envisag\u00e9e lorsqu&rsquo;elle est n\u00e9cessaire aux fins d\u00e9crites ci-dessus, \u00e0 des tiers (tels que les soci\u00e9t\u00e9s de fourniture et d&rsquo;assistance informatique qui garantissent le bon fonctionnement du portail) engag\u00e9s dans la poursuite correcte et r\u00e9guli\u00e8re des objectifs d\u00e9crits. Dans tous les cas, le traitement par des tiers sera effectu\u00e9 dans le respect de la loyaut\u00e9 et des dispositions de la loi en vigueur.<\/p>\n<p>&nbsp;<\/p>\n<p><strong>LES DROITS DES PERSONNES CONCERN\u00c9E<\/strong><\/p>\n<p align=\"JUSTIFY\">Nous vous informons \u00e9galement que le R\u00e8glement europ\u00e9en vous accorde certains droits, notamment le droit d&rsquo;acc\u00e8s et de rectification, ou d&rsquo;effacement ou de limitation ou d&rsquo;opposition au traitement, ainsi que le droit \u00e0 la portabilit\u00e9 des donn\u00e9es, si et dans la mesure o\u00f9 cela est applicable (articles 15, 16, 17 18, 20, 21 et 22 du R\u00c8GLEMENT (UE) 2016\/679).<br \/>\nEnfin, la personne concern\u00e9e a le droit d&rsquo;introduire une r\u00e9clamation aupr\u00e8s de l&rsquo;Autorit\u00e9 de protection des donn\u00e9es personnelles, ainsi que de recourir aux autres moyens de protection pr\u00e9vus par la l\u00e9gislation applicable.<\/p>\n<p>&nbsp;<\/p>\n<p><strong>PROPRI\u00c9TAIRE ET GESTIONNAIRE DES DONNEES<\/strong><\/p>\n<p align=\"JUSTIFY\">e contr\u00f4leur des donn\u00e9es est la soci\u00e9t\u00e9 Laviosa Chimica Mineraria S.p.A. dont le si\u00e8ge social est situ\u00e9 \u00e0 (57123) Livourne (LI), Via L. Da Vinci, 21. Une liste mise \u00e0 jour des responsables du traitement, d\u00e9sign\u00e9s par le Responsable du traitement conform\u00e9ment \u00e0 l&rsquo;art. 28 EU REG. 2016\/679, est disponible au si\u00e8ge du Responsable du traitement.<br \/>\nPour de plus amples informations, veuillez contacter LAVIOSA CHIMICA MINERARIA SPA \u00e0 Livourne &#8211; Via L. Da Vinci, 21, privacy@laviosa.com, Tel<br \/>\n+39 0586.434000.<\/p>\n<p>&nbsp;<\/p>\n<p><strong>DUR\u00c9ES DE LA CONSERVATION DES DONNNEES<\/strong><\/p>\n<p align=\"JUSTIFY\">Les donn\u00e9es sont conserv\u00e9es pendant la dur\u00e9e indiqu\u00e9e dans le tableau ci-dessus du pr\u00e9sent document et, en tout \u00e9tat de cause, jusqu&rsquo;\u00e0 ce que le droit d&rsquo;opposition soit express\u00e9ment exerc\u00e9 par la personne concern\u00e9e.<\/p>\n<p>&nbsp;<\/p>\n<p><strong>D\u00c9S\u00c9LECTER ET ACTIVER LES COOKIES.<\/strong><\/p>\n<p>En acc\u00e9dant au site et en passant la banni\u00e8re initiale contenant les br\u00e8ves informations, l&rsquo;utilisateur a donn\u00e9 son consentement expr\u00e8s \u00e0 l&rsquo;utilisation des cookies techniques express\u00e9ment indiqu\u00e9s dans ce document et \u00e0 l&rsquo;installation des cookies de tiers indiqu\u00e9s ci-dessus.<br \/>\nLa s\u00e9lection\/d\u00e9s\u00e9lection des cookies individuels peut \u00eatre effectu\u00e9e librement via votre navigateur (en s\u00e9lectionnant le menu des param\u00e8tres, en cliquant sur options internet, en ouvrant l&rsquo;onglet confidentialit\u00e9 et en choisissant le niveau de blocage des cookies souhait\u00e9). Pour de plus amples informations, veuillez consulter les liens suivants : Google Chrome, Mozilla Firefox, Apple Safari et Microsoft Windows Explorer.<br \/>\nEn outre, l&rsquo;option \u00ab\u00a0Do Not Track\u00a0\u00bb pr\u00e9sente dans la plupart des navigateurs de derni\u00e8re g\u00e9n\u00e9ration peut \u00eatre activ\u00e9e.<br \/>\nEnfin, il est possible d&rsquo;\u00e9viter les cookies en activant le mode \u00ab\u00a0surf anonyme\u00a0\u00bb : gr\u00e2ce \u00e0 cette fonction, vous pouvez surfer sans laisser de trace de vos donn\u00e9es de navigation dans votre navigateur. Les sites ne se souviendront pas de l&rsquo;utilisateur, les pages visit\u00e9es ne seront pas stock\u00e9es dans l&rsquo;historique et les nouveaux cookies seront supprim\u00e9s. La fonction de navigation anonyme ne garantit toutefois pas l&rsquo;anonymat sur Internet, car elle ne sert qu&rsquo;\u00e0 conserver les donn\u00e9es de navigation dans le navigateur, tandis que les donn\u00e9es de navigation restent \u00e0 la disposition des exploitants de sites web et des fournisseurs de connectivit\u00e9.<br \/>\nLes cookies de tiers peuvent \u00eatre d\u00e9sactiv\u00e9s en vous informant via la politique de confidentialit\u00e9 du tiers, via le lien ci-dessus, ou en les contactant directement. La d\u00e9sactivation des cookies de tiers n&rsquo;affecte en rien la navigabilit\u00e9.<br \/>\nAttention : la d\u00e9sactivation totale ou partielle des cookies techniques peut affecter l&rsquo;utilisation des fonctionnalit\u00e9s du site.<br \/>\nPour plus d&rsquo;informations sur les cookies, y compris sur la mani\u00e8re de visualiser ceux qui ont \u00e9t\u00e9 install\u00e9s sur votre appareil et sur la mani\u00e8re de les g\u00e9rer et de les supprimer, consultez le site www.allaboutcookies.org.<\/p>\n<p>Derni\u00e8re mise \u00e0 jour le 18\/2\/2020<\/p>\n<p>&nbsp;<\/p>\n","protected":false},"excerpt":{"rendered":"<p>INFORMATIONS SUR LA PROTECTION DES DONN\u00c9ES CONCERNANT LES COOKIES CONFORM\u00c9MENT \u00c0 L&rsquo;ART. 13 DU R\u00c8GLEMENT (UE) N\u00b0 679\/2016 Conform\u00e9ment aux dispositions de l&rsquo;art. 13 du R\u00e8glement UE n\u00b0 679\/2016, ainsi qu&rsquo;aux dispositions de la Mesure g\u00e9n\u00e9rale du Garant de la confidentialit\u00e9 du 8 mai 2014, la soci\u00e9t\u00e9 Laviosa Chimica Mineraria&#8230;<\/p>\n","protected":false},"author":1,"featured_media":0,"parent":0,"menu_order":0,"comment_status":"closed","ping_status":"closed","template":"","meta":{"footnotes":""},"class_list":["post-1034","page","type-page","status-publish","hentry"],"acf":[],"aioseo_notices":[],"_links":{"self":[{"href":"https:\/\/laviosalogistics.com\/fr\/wp-json\/wp\/v2\/pages\/1034","targetHints":{"allow":["GET"]}}],"collection":[{"href":"https:\/\/laviosalogistics.com\/fr\/wp-json\/wp\/v2\/pages"}],"about":[{"href":"https:\/\/laviosalogistics.com\/fr\/wp-json\/wp\/v2\/types\/page"}],"author":[{"embeddable":true,"href":"https:\/\/laviosalogistics.com\/fr\/wp-json\/wp\/v2\/users\/1"}],"replies":[{"embeddable":true,"href":"https:\/\/laviosalogistics.com\/fr\/wp-json\/wp\/v2\/comments?post=1034"}],"version-history":[{"count":3,"href":"https:\/\/laviosalogistics.com\/fr\/wp-json\/wp\/v2\/pages\/1034\/revisions"}],"predecessor-version":[{"id":1046,"href":"https:\/\/laviosalogistics.com\/fr\/wp-json\/wp\/v2\/pages\/1034\/revisions\/1046"}],"wp:attachment":[{"href":"https:\/\/laviosalogistics.com\/fr\/wp-json\/wp\/v2\/media?parent=1034"}],"curies":[{"name":"wp","href":"https:\/\/api.w.org\/{rel}","templated":true}]}}