{"id":830,"date":"2021-03-25T11:37:39","date_gmt":"2021-03-25T10:37:39","guid":{"rendered":"https:\/\/laviosamaritime.com\/laviosa-maritime\/"},"modified":"2025-06-24T12:33:34","modified_gmt":"2025-06-24T10:33:34","slug":"laviosa-maritime","status":"publish","type":"page","link":"https:\/\/laviosalogistics.com\/fr\/laviosa-maritime\/","title":{"rendered":"Laviosa Logistics"},"content":{"rendered":"<p><span class=\"big-content\">L&rsquo;activit\u00e9 de Laviosa Logistics en tant qu&rsquo;agent maritime et transitaire a une longue tradition, qui a <strong>commenc\u00e9 en 1922<\/strong>, lorsque ce type d&rsquo;activit\u00e9 s\u2019est ajout\u00e9 \u00e0 celle qui existait d\u00e9j\u00e0, \u00e0 savoir l&rsquo;importation de charbon dans le port de Livourne et sa commercialisation dans toute l&rsquo;Italie.<\/span><\/p>\n<p>&nbsp;<\/p>\n<p>Depuis lors, nous avons atteint un <strong>tr\u00e8s haut niveau de sp\u00e9cialisation dans l\u2019assistance par navires de tous types<\/strong>, en nous attachant \u00e0 optimiser les services dans les ports.<\/p>\n","protected":false},"excerpt":{"rendered":"<p>L&rsquo;activit\u00e9 de Laviosa Logistics en tant qu&rsquo;agent maritime et transitaire a une longue tradition, qui a commenc\u00e9 en 1922, lorsque ce type d&rsquo;activit\u00e9 s\u2019est ajout\u00e9 \u00e0 celle qui existait d\u00e9j\u00e0, \u00e0 savoir l&rsquo;importation de charbon dans le port de Livourne et sa commercialisation dans toute l&rsquo;Italie. &nbsp; Depuis lors, nous&#8230;<\/p>\n","protected":false},"author":1,"featured_media":823,"parent":0,"menu_order":0,"comment_status":"closed","ping_status":"closed","template":"","meta":{"footnotes":""},"class_list":["post-830","page","type-page","status-publish","has-post-thumbnail","hentry"],"acf":[],"aioseo_notices":[],"_links":{"self":[{"href":"https:\/\/laviosalogistics.com\/fr\/wp-json\/wp\/v2\/pages\/830","targetHints":{"allow":["GET"]}}],"collection":[{"href":"https:\/\/laviosalogistics.com\/fr\/wp-json\/wp\/v2\/pages"}],"about":[{"href":"https:\/\/laviosalogistics.com\/fr\/wp-json\/wp\/v2\/types\/page"}],"author":[{"embeddable":true,"href":"https:\/\/laviosalogistics.com\/fr\/wp-json\/wp\/v2\/users\/1"}],"replies":[{"embeddable":true,"href":"https:\/\/laviosalogistics.com\/fr\/wp-json\/wp\/v2\/comments?post=830"}],"version-history":[{"count":8,"href":"https:\/\/laviosalogistics.com\/fr\/wp-json\/wp\/v2\/pages\/830\/revisions"}],"predecessor-version":[{"id":1143,"href":"https:\/\/laviosalogistics.com\/fr\/wp-json\/wp\/v2\/pages\/830\/revisions\/1143"}],"wp:featuredmedia":[{"embeddable":true,"href":"https:\/\/laviosalogistics.com\/fr\/wp-json\/wp\/v2\/media\/823"}],"wp:attachment":[{"href":"https:\/\/laviosalogistics.com\/fr\/wp-json\/wp\/v2\/media?parent=830"}],"curies":[{"name":"wp","href":"https:\/\/api.w.org\/{rel}","templated":true}]}}