{"id":873,"date":"2021-03-25T11:40:03","date_gmt":"2021-03-25T10:40:03","guid":{"rendered":"https:\/\/laviosamaritime.com\/spedizioni-internazionali\/"},"modified":"2025-03-21T18:14:25","modified_gmt":"2025-03-21T17:14:25","slug":"envois-internationaux","status":"publish","type":"page","link":"https:\/\/laviosalogistics.com\/fr\/envois-internationaux\/","title":{"rendered":"Envois internationaux"},"content":{"rendered":"<p class=\"big-content\"><strong>Laviosa Logistics<\/strong> offre \u00e0 ses clients un service de transport maritime hautement qualifi\u00e9 et personnalis\u00e9 en fonction de leurs besoins sp\u00e9cifiques.<\/p>\n<p>&nbsp;<\/p>\n<p>Nous nous occupons de tous les types de marchandises, avec une attention particuli\u00e8re pour le transport de min\u00e9raux industriels, par voie maritime (FCL\/LCL) et par voie terrestre (FTL\/LTL\/CAMION -CITERNE).<br \/>\nNous sommes en mesure de proposer des devis aux prix comp\u00e9titifs gr\u00e2ce \u00e0 la n\u00e9gociation des meilleures conditions d&rsquo;affr\u00e8tement directement avec les compagnies maritimes les plus importantes et les principaux acteurs du march\u00e9.<br \/>\nNotre histoire et notre exp\u00e9rience nous permettent \u00e9galement d&rsquo;offrir \u00e0 nos clients un service d&rsquo;affr\u00e8tement de navires complets ou partiels et un service de stockage de marchandises en vrac s\u00e8ches.<\/p>\n","protected":false},"excerpt":{"rendered":"<p>Laviosa Logistics offre \u00e0 ses clients un service de transport maritime hautement qualifi\u00e9 et personnalis\u00e9 en fonction de leurs besoins sp\u00e9cifiques. &nbsp; Nous nous occupons de tous les types de marchandises, avec une attention particuli\u00e8re pour le transport de min\u00e9raux industriels, par voie maritime (FCL\/LCL) et par voie terrestre (FTL\/LTL\/CAMION&#8230;<\/p>\n","protected":false},"author":1,"featured_media":875,"parent":0,"menu_order":0,"comment_status":"closed","ping_status":"closed","template":"page-spedizioni.php","meta":{"footnotes":""},"class_list":["post-873","page","type-page","status-publish","has-post-thumbnail","hentry"],"acf":[],"aioseo_notices":[],"_links":{"self":[{"href":"https:\/\/laviosalogistics.com\/fr\/wp-json\/wp\/v2\/pages\/873","targetHints":{"allow":["GET"]}}],"collection":[{"href":"https:\/\/laviosalogistics.com\/fr\/wp-json\/wp\/v2\/pages"}],"about":[{"href":"https:\/\/laviosalogistics.com\/fr\/wp-json\/wp\/v2\/types\/page"}],"author":[{"embeddable":true,"href":"https:\/\/laviosalogistics.com\/fr\/wp-json\/wp\/v2\/users\/1"}],"replies":[{"embeddable":true,"href":"https:\/\/laviosalogistics.com\/fr\/wp-json\/wp\/v2\/comments?post=873"}],"version-history":[{"count":8,"href":"https:\/\/laviosalogistics.com\/fr\/wp-json\/wp\/v2\/pages\/873\/revisions"}],"predecessor-version":[{"id":1091,"href":"https:\/\/laviosalogistics.com\/fr\/wp-json\/wp\/v2\/pages\/873\/revisions\/1091"}],"wp:featuredmedia":[{"embeddable":true,"href":"https:\/\/laviosalogistics.com\/fr\/wp-json\/wp\/v2\/media\/875"}],"wp:attachment":[{"href":"https:\/\/laviosalogistics.com\/fr\/wp-json\/wp\/v2\/media?parent=873"}],"curies":[{"name":"wp","href":"https:\/\/api.w.org\/{rel}","templated":true}]}}