{"id":888,"date":"2021-03-25T11:40:26","date_gmt":"2021-03-25T10:40:26","guid":{"rendered":"https:\/\/laviosamaritime.com\/logistica\/"},"modified":"2025-03-21T18:15:56","modified_gmt":"2025-03-21T17:15:56","slug":"logistique","status":"publish","type":"page","link":"https:\/\/laviosalogistics.com\/fr\/logistique\/","title":{"rendered":"Logistique"},"content":{"rendered":"<p class=\"big-content\">Notre soci\u00e9t\u00e9 a la possibilit\u00e9, par l&rsquo;interm\u00e9diaire de partenaires fiables dont la soci\u00e9t\u00e9 associ\u00e9e <strong>Terminal Rinfusi del Mediterraneo<\/strong> d&rsquo;offrir des <strong>services logistiques d&rsquo;entreposage<\/strong> et de <strong>distribution prenant en charge<\/strong> la r\u00e9ception des marchandises, le stockage et l&rsquo;exp\u00e9dition ult\u00e9rieure.<\/p>\n","protected":false},"excerpt":{"rendered":"<p>Notre soci\u00e9t\u00e9 a la possibilit\u00e9, par l&rsquo;interm\u00e9diaire de partenaires fiables dont la soci\u00e9t\u00e9 associ\u00e9e Terminal Rinfusi del Mediterraneo d&rsquo;offrir des services logistiques d&rsquo;entreposage et de distribution prenant en charge la r\u00e9ception des marchandises, le stockage et l&rsquo;exp\u00e9dition ult\u00e9rieure.<\/p>\n","protected":false},"author":1,"featured_media":890,"parent":0,"menu_order":0,"comment_status":"closed","ping_status":"closed","template":"","meta":{"footnotes":""},"class_list":["post-888","page","type-page","status-publish","has-post-thumbnail","hentry"],"acf":[],"aioseo_notices":[],"_links":{"self":[{"href":"https:\/\/laviosalogistics.com\/fr\/wp-json\/wp\/v2\/pages\/888","targetHints":{"allow":["GET"]}}],"collection":[{"href":"https:\/\/laviosalogistics.com\/fr\/wp-json\/wp\/v2\/pages"}],"about":[{"href":"https:\/\/laviosalogistics.com\/fr\/wp-json\/wp\/v2\/types\/page"}],"author":[{"embeddable":true,"href":"https:\/\/laviosalogistics.com\/fr\/wp-json\/wp\/v2\/users\/1"}],"replies":[{"embeddable":true,"href":"https:\/\/laviosalogistics.com\/fr\/wp-json\/wp\/v2\/comments?post=888"}],"version-history":[{"count":4,"href":"https:\/\/laviosalogistics.com\/fr\/wp-json\/wp\/v2\/pages\/888\/revisions"}],"predecessor-version":[{"id":1094,"href":"https:\/\/laviosalogistics.com\/fr\/wp-json\/wp\/v2\/pages\/888\/revisions\/1094"}],"wp:featuredmedia":[{"embeddable":true,"href":"https:\/\/laviosalogistics.com\/fr\/wp-json\/wp\/v2\/media\/890"}],"wp:attachment":[{"href":"https:\/\/laviosalogistics.com\/fr\/wp-json\/wp\/v2\/media?parent=888"}],"curies":[{"name":"wp","href":"https:\/\/api.w.org\/{rel}","templated":true}]}}